{"id":2493,"date":"2024-04-29T11:14:27","date_gmt":"2024-04-29T11:14:27","guid":{"rendered":"https:\/\/drsedattatar.com\/tr\/?page_id=2493"},"modified":"2024-06-25T17:05:38","modified_gmt":"2024-06-25T17:05:38","slug":"sitemap","status":"publish","type":"page","link":"https:\/\/drsedattatar.com\/tr\/sitemap\/","title":{"rendered":"Sitemap"},"content":{"rendered":"<style>.kb-row-layout-id2493_c12390-54 > .kt-row-column-wrap{align-content:start;}:where(.kb-row-layout-id2493_c12390-54 > .kt-row-column-wrap) > .wp-block-kadence-column{justify-content:start;}.kb-row-layout-id2493_c12390-54 > .kt-row-column-wrap{column-gap:var(--global-kb-gap-md, 2rem);row-gap:var(--global-kb-gap-md, 2rem);padding-top:var(--global-kb-spacing-sm, 1.5rem);padding-bottom:var(--global-kb-spacing-sm, 1.5rem);grid-template-columns:minmax(0, 1fr);}.kb-row-layout-id2493_c12390-54 > .kt-row-layout-overlay{opacity:0.30;}@media all and (max-width: 1024px){.kb-row-layout-id2493_c12390-54 > .kt-row-column-wrap{grid-template-columns:minmax(0, 1fr);}}@media all and (max-width: 767px){.kb-row-layout-id2493_c12390-54 > .kt-row-column-wrap{grid-template-columns:minmax(0, 1fr);}}<\/style><div class=\"kb-row-layout-wrap kb-row-layout-id2493_c12390-54 alignnone wp-block-kadence-rowlayout\"><div class=\"kt-row-column-wrap kt-has-1-columns kt-row-layout-equal kt-tab-layout-inherit kt-mobile-layout-row kt-row-valign-top\">\n<style>.kadence-column2493_c165fc-3b > .kt-inside-inner-col,.kadence-column2493_c165fc-3b > .kt-inside-inner-col:before{border-top-left-radius:0px;border-top-right-radius:0px;border-bottom-right-radius:0px;border-bottom-left-radius:0px;}.kadence-column2493_c165fc-3b > .kt-inside-inner-col{column-gap:var(--global-kb-gap-sm, 1rem);}.kadence-column2493_c165fc-3b > .kt-inside-inner-col{flex-direction:column;}.kadence-column2493_c165fc-3b > .kt-inside-inner-col > .aligncenter{width:100%;}.kadence-column2493_c165fc-3b > .kt-inside-inner-col:before{opacity:0.3;}.kadence-column2493_c165fc-3b{position:relative;}@media all and (max-width: 1024px){.kadence-column2493_c165fc-3b > .kt-inside-inner-col{flex-direction:column;justify-content:center;}}@media all and (max-width: 767px){.kadence-column2493_c165fc-3b > .kt-inside-inner-col{flex-direction:column;justify-content:center;}}<\/style>\n<div class=\"wp-block-kadence-column kadence-column2493_c165fc-3b\"><div class=\"kt-inside-inner-col\">\n<h2 class=\"wp-block-heading\">Pages<\/h2>\n\n\n<ul class=\"wp-block-page-list\"><li class=\"wp-block-pages-list__item\"><a class=\"wp-block-pages-list__item__link\" href=\"https:\/\/drsedattatar.com\/tr\/ameliyatsiz-estetik\/\">Ameliyats\u0131z Estetik<\/a><\/li><li class=\"wp-block-pages-list__item menu-item-home\"><a class=\"wp-block-pages-list__item__link\" href=\"https:\/\/drsedattatar.com\/tr\/\">Ana Sayfa<\/a><\/li><li class=\"wp-block-pages-list__item\"><a class=\"wp-block-pages-list__item__link\" href=\"https:\/\/drsedattatar.com\/tr\/basarilar\/\">Ba\u015far\u0131lar<\/a><\/li><li class=\"wp-block-pages-list__item\"><a class=\"wp-block-pages-list__item__link\" href=\"https:\/\/drsedattatar.com\/tr\/blog\/\">Blog<\/a><\/li><li class=\"wp-block-pages-list__item\"><a class=\"wp-block-pages-list__item__link\" href=\"https:\/\/drsedattatar.com\/tr\/cerez-politikasi\/\">\u00c7erez Politikas\u0131<\/a><\/li><li class=\"wp-block-pages-list__item\"><a class=\"wp-block-pages-list__item__link\" href=\"https:\/\/drsedattatar.com\/tr\/degerlendirmeler\/\">De\u011ferlendirmeler<\/a><\/li><li class=\"wp-block-pages-list__item\"><a class=\"wp-block-pages-list__item__link\" href=\"https:\/\/drsedattatar.com\/tr\/hakkinda\/\">Hakk\u0131nda<\/a><\/li><li class=\"wp-block-pages-list__item\"><a class=\"wp-block-pages-list__item__link\" href=\"https:\/\/drsedattatar.com\/tr\/iletisim\/\">\u0130leti\u015fim<\/a><\/li><li class=\"wp-block-pages-list__item\"><a class=\"wp-block-pages-list__item__link\" href=\"https:\/\/drsedattatar.com\/tr\/meme-estetigi\/\">Meme Esteti\u011fi<\/a><\/li><li class=\"wp-block-pages-list__item\"><a class=\"wp-block-pages-list__item__link\" href=\"https:\/\/drsedattatar.com\/tr\/plastik-cerrahi\/\">Plastik Cerrahi<\/a><\/li><li class=\"wp-block-pages-list__item\"><a class=\"wp-block-pages-list__item__link\" href=\"https:\/\/drsedattatar.com\/tr\/project\/\">Project<\/a><\/li><li class=\"wp-block-pages-list__item\"><a class=\"wp-block-pages-list__item__link\" href=\"https:\/\/drsedattatar.com\/tr\/sitemap\/\">Sitemap<\/a><\/li><li class=\"wp-block-pages-list__item\"><a class=\"wp-block-pages-list__item__link\" href=\"https:\/\/drsedattatar.com\/tr\/vucut-estetigi\/\">V\u00fccut Esteti\u011fi<\/a><\/li><li class=\"wp-block-pages-list__item\"><a class=\"wp-block-pages-list__item__link\" href=\"https:\/\/drsedattatar.com\/tr\/yuz-estetigi\/\">Y\u00fcz Esteti\u011fi<\/a><\/li><\/ul>\n\n\n<ul class=\"wp-block-list\">\n<li><a href=\"https:\/\/drsedattatar.com\/tr\/blog\/\">Blog<\/a>\n<ul class=\"wp-block-list\">\n<li><a href=\"https:\/\/drsedattatar.com\/tr\/mezoterapi\/\">Mezoterapi<\/a><\/li>\n\n\n\n<li><a href=\"https:\/\/drsedattatar.com\/tr\/dudak-kaldirma\/\">Dudak Kald\u0131rma<\/a><\/li>\n\n\n\n<li><a href=\"https:\/\/drsedattatar.com\/tr\/prp\/\">PRP<\/a><\/li>\n\n\n\n<li><a href=\"https:\/\/drsedattatar.com\/tr\/gozalti-isik-dolgusu\/\">G\u00f6zalt\u0131 I\u015f\u0131k Dolgusu<\/a><\/li>\n\n\n\n<li><a href=\"https:\/\/drsedattatar.com\/tr\/dudak-dolgusu\/\">Dudak Dolgusu<\/a><\/li>\n\n\n\n<li><a href=\"https:\/\/drsedattatar.com\/tr\/dolgu\/\">Dolgu<\/a><\/li>\n\n\n\n<li><a href=\"https:\/\/drsedattatar.com\/tr\/botoks\/\">Botoks<\/a><\/li>\n\n\n\n<li><a href=\"https:\/\/drsedattatar.com\/tr\/boyun-liposuction\/\">Boyun Liposuction<\/a><\/li>\n\n\n\n<li><a href=\"https:\/\/drsedattatar.com\/tr\/yuze-yag-enjeksiyonu\/\">Y\u00fcze Ya\u011f Enjeksiyonu<\/a><\/li>\n\n\n\n<li><a href=\"https:\/\/drsedattatar.com\/tr\/yuz-ve-boyun-kaldirma\/\">Y\u00fcz ve Boyun Kald\u0131rma<\/a><\/li>\n\n\n\n<li><a href=\"https:\/\/drsedattatar.com\/tr\/badem-goz\/\">G\u00f6z Esteti\u011fi (Badem G\u00f6z)<\/a><\/li>\n\n\n\n<li><a href=\"https:\/\/drsedattatar.com\/tr\/goz-estetigi\/\">G\u00f6z Esteti\u011fi<\/a><\/li>\n\n\n\n<li><a href=\"https:\/\/drsedattatar.com\/tr\/bisektomi\/\">Bi\u015fektomi<\/a><\/li>\n\n\n\n<li><a href=\"https:\/\/drsedattatar.com\/tr\/burun-estetigi\/\">Burun Esteti\u011fi<\/a><\/li>\n\n\n\n<li><a href=\"https:\/\/drsedattatar.com\/tr\/memeye-yag-enjeksiyonu\/\">Memeye Ya\u011f Enjeksiyonu<\/a><\/li>\n\n\n\n<li><a href=\"https:\/\/drsedattatar.com\/tr\/meme-protezi\/\">Meme Protezi<\/a><\/li>\n\n\n\n<li><a href=\"https:\/\/drsedattatar.com\/tr\/meme-kucultme\/\">Meme K\u00fc\u00e7\u00fcltme<\/a><\/li>\n\n\n\n<li><a href=\"https:\/\/drsedattatar.com\/tr\/meme-diklestirme\/\">Meme Dikle\u015ftirme<\/a><\/li>\n\n\n\n<li><a href=\"https:\/\/drsedattatar.com\/tr\/meme-buyutme\/\">Meme B\u00fcy\u00fctme<\/a><\/li>\n\n\n\n<li><a href=\"https:\/\/drsedattatar.com\/tr\/genital-estetik\/\">Genital Estetik<\/a><\/li>\n\n\n\n<li><a href=\"https:\/\/drsedattatar.com\/tr\/kol-germe\/\">Kol Germe<\/a><\/li>\n\n\n\n<li><a href=\"https:\/\/drsedattatar.com\/tr\/annelik-estetigi\/\">Annelik Esteti\u011fi<\/a><\/li>\n\n\n\n<li><a href=\"https:\/\/drsedattatar.com\/tr\/vaser-liposuction\/\">Vaser Liposuction<\/a><\/li>\n\n\n\n<li><a href=\"https:\/\/drsedattatar.com\/tr\/karin-germe\/\">Kar\u0131n Germe<\/a><\/li>\n\n\n\n<li><a href=\"https:\/\/drsedattatar.com\/tr\/bbl-brazilian-butt-lift\/\">BBL(Brezilian Butt Lift)<\/a><\/li>\n<\/ul>\n<\/li>\n<\/ul>\n<\/div><\/div>\n\n<\/div><\/div>\n\n<div class=\"kk-star-ratings kksr-auto kksr-align-center kksr-valign-bottom\"\n    data-payload='{&quot;align&quot;:&quot;center&quot;,&quot;id&quot;:&quot;2493&quot;,&quot;slug&quot;:&quot;default&quot;,&quot;valign&quot;:&quot;bottom&quot;,&quot;ignore&quot;:&quot;&quot;,&quot;reference&quot;:&quot;auto&quot;,&quot;class&quot;:&quot;&quot;,&quot;count&quot;:&quot;118&quot;,&quot;legendonly&quot;:&quot;&quot;,&quot;readonly&quot;:&quot;&quot;,&quot;score&quot;:&quot;5&quot;,&quot;starsonly&quot;:&quot;&quot;,&quot;best&quot;:&quot;5&quot;,&quot;gap&quot;:&quot;5&quot;,&quot;greet&quot;:&quot;\u0130\u00e7eri\u011fimizi Oylay\u0131n!&quot;,&quot;legend&quot;:&quot;5\\\/5 - (118 oy verildi!)&quot;,&quot;size&quot;:&quot;24&quot;,&quot;title&quot;:&quot;Sitemap&quot;,&quot;width&quot;:&quot;142.5&quot;,&quot;_legend&quot;:&quot;{score}\\\/{best} - ({count} oy verildi!)&quot;,&quot;font_factor&quot;:&quot;1.25&quot;}'>\n            \n<div class=\"kksr-stars\">\n    \n<div class=\"kksr-stars-inactive\">\n            <div class=\"kksr-star\" data-star=\"1\" style=\"padding-right: 5px\">\n            \n\n<div class=\"kksr-icon\" style=\"width: 24px; height: 24px;\"><\/div>\n        <\/div>\n            <div class=\"kksr-star\" data-star=\"2\" style=\"padding-right: 5px\">\n            \n\n<div class=\"kksr-icon\" style=\"width: 24px; height: 24px;\"><\/div>\n        <\/div>\n            <div class=\"kksr-star\" data-star=\"3\" style=\"padding-right: 5px\">\n            \n\n<div class=\"kksr-icon\" style=\"width: 24px; height: 24px;\"><\/div>\n        <\/div>\n            <div class=\"kksr-star\" data-star=\"4\" style=\"padding-right: 5px\">\n            \n\n<div class=\"kksr-icon\" style=\"width: 24px; height: 24px;\"><\/div>\n        <\/div>\n            <div class=\"kksr-star\" data-star=\"5\" style=\"padding-right: 5px\">\n            \n\n<div class=\"kksr-icon\" style=\"width: 24px; height: 24px;\"><\/div>\n        <\/div>\n    <\/div>\n    \n<div class=\"kksr-stars-active\" style=\"width: 142.5px;\">\n            <div class=\"kksr-star\" style=\"padding-right: 5px\">\n            \n\n<div class=\"kksr-icon\" style=\"width: 24px; height: 24px;\"><\/div>\n        <\/div>\n            <div class=\"kksr-star\" style=\"padding-right: 5px\">\n            \n\n<div class=\"kksr-icon\" style=\"width: 24px; height: 24px;\"><\/div>\n        <\/div>\n            <div class=\"kksr-star\" style=\"padding-right: 5px\">\n            \n\n<div class=\"kksr-icon\" style=\"width: 24px; height: 24px;\"><\/div>\n        <\/div>\n            <div class=\"kksr-star\" style=\"padding-right: 5px\">\n            \n\n<div class=\"kksr-icon\" style=\"width: 24px; height: 24px;\"><\/div>\n        <\/div>\n            <div class=\"kksr-star\" style=\"padding-right: 5px\">\n            \n\n<div class=\"kksr-icon\" style=\"width: 24px; height: 24px;\"><\/div>\n        <\/div>\n    <\/div>\n<\/div>\n                \n\n<div class=\"kksr-legend\" style=\"font-size: 19.2px;\">\n            5\/5 - (118 oy verildi!)    <\/div>\n    <\/div>\n","protected":false},"excerpt":{"rendered":"<p>Pages<\/p>\n","protected":false},"author":1,"featured_media":1827,"parent":0,"menu_order":0,"comment_status":"closed","ping_status":"closed","template":"","meta":{"_kad_blocks_custom_css":"","_kad_blocks_head_custom_js":"","_kad_blocks_body_custom_js":"","_kad_blocks_footer_custom_js":"","_kadence_starter_templates_imported_post":false,"_kad_post_transparent":"","_kad_post_title":"","_kad_post_layout":"","_kad_post_sidebar_id":"","_kad_post_content_style":"","_kad_post_vertical_padding":"","_kad_post_feature":"","_kad_post_feature_position":"","_kad_post_header":false,"_kad_post_footer":false,"footnotes":""},"class_list":["post-2493","page","type-page","status-publish","has-post-thumbnail","hentry"],"yoast_head":"<!-- This site is optimized with the Yoast SEO plugin v25.9 - https:\/\/yoast.com\/wordpress\/plugins\/seo\/ -->\n<title>Sitemap - \u0130stanbul Estetik, Plastik ve Rekonstr\u00fcktif Cerrahi - Do\u00e7. Dr. Sedat Tatar<\/title>\n<meta name=\"robots\" content=\"index, follow, max-snippet:-1, max-image-preview:large, max-video-preview:-1\" \/>\n<link rel=\"canonical\" href=\"https:\/\/drsedattatar.com\/tr\/sitemap\/\" \/>\n<meta property=\"og:locale\" content=\"tr_TR\" \/>\n<meta property=\"og:type\" content=\"article\" \/>\n<meta property=\"og:title\" content=\"Sitemap - \u0130stanbul Estetik, Plastik ve Rekonstr\u00fcktif Cerrahi - Do\u00e7. Dr. Sedat Tatar\" \/>\n<meta property=\"og:description\" content=\"Pages\" \/>\n<meta property=\"og:url\" content=\"https:\/\/drsedattatar.com\/tr\/sitemap\/\" \/>\n<meta property=\"og:site_name\" content=\"\u0130stanbul Estetik, Plastik ve Rekonstr\u00fcktif Cerrahi - Do\u00e7. Dr. Sedat Tatar\" \/>\n<meta property=\"article:modified_time\" content=\"2024-06-25T17:05:38+00:00\" \/>\n<meta property=\"og:image\" content=\"https:\/\/drsedattatar.com\/tr\/wp-content\/uploads\/2023\/06\/sedat-tatar-sikayet.jpg\" \/>\n\t<meta property=\"og:image:width\" content=\"1000\" \/>\n\t<meta property=\"og:image:height\" content=\"1500\" \/>\n\t<meta property=\"og:image:type\" content=\"image\/jpeg\" \/>\n<meta name=\"twitter:card\" content=\"summary_large_image\" \/>\n<script type=\"application\/ld+json\" class=\"yoast-schema-graph\">{\"@context\":\"https:\/\/schema.org\",\"@graph\":[{\"@type\":\"WebPage\",\"@id\":\"https:\/\/drsedattatar.com\/tr\/sitemap\/\",\"url\":\"https:\/\/drsedattatar.com\/tr\/sitemap\/\",\"name\":\"Sitemap - \u0130stanbul Estetik, Plastik ve Rekonstr\u00fcktif Cerrahi - Do\u00e7. Dr. Sedat Tatar\",\"isPartOf\":{\"@id\":\"https:\/\/drsedattatar.com\/tr\/#website\"},\"primaryImageOfPage\":{\"@id\":\"https:\/\/drsedattatar.com\/tr\/sitemap\/#primaryimage\"},\"image\":{\"@id\":\"https:\/\/drsedattatar.com\/tr\/sitemap\/#primaryimage\"},\"thumbnailUrl\":\"https:\/\/drsedattatar.com\/tr\/wp-content\/uploads\/2023\/06\/sedat-tatar-sikayet.jpg\",\"datePublished\":\"2024-04-29T11:14:27+00:00\",\"dateModified\":\"2024-06-25T17:05:38+00:00\",\"breadcrumb\":{\"@id\":\"https:\/\/drsedattatar.com\/tr\/sitemap\/#breadcrumb\"},\"inLanguage\":\"tr\",\"potentialAction\":[{\"@type\":\"ReadAction\",\"target\":[\"https:\/\/drsedattatar.com\/tr\/sitemap\/\"]}]},{\"@type\":\"ImageObject\",\"inLanguage\":\"tr\",\"@id\":\"https:\/\/drsedattatar.com\/tr\/sitemap\/#primaryimage\",\"url\":\"https:\/\/drsedattatar.com\/tr\/wp-content\/uploads\/2023\/06\/sedat-tatar-sikayet.jpg\",\"contentUrl\":\"https:\/\/drsedattatar.com\/tr\/wp-content\/uploads\/2023\/06\/sedat-tatar-sikayet.jpg\",\"width\":1000,\"height\":1500,\"caption\":\"Sedat Tatar hakk\u0131nda \u015fikayet duyman\u0131z pek m\u00fcmk\u00fcn de\u011fildir. \u00c7\u00fcnk\u00fc kendisi, alan\u0131nda uzman ve hem sa\u011fl\u0131kl\u0131 hem de g\u00fcvenilir estetik hizmeti sunan bir cerraht\u0131r.\"},{\"@type\":\"BreadcrumbList\",\"@id\":\"https:\/\/drsedattatar.com\/tr\/sitemap\/#breadcrumb\",\"itemListElement\":[{\"@type\":\"ListItem\",\"position\":1,\"name\":\"Anasayfa\",\"item\":\"https:\/\/drsedattatar.com\/tr\/\"},{\"@type\":\"ListItem\",\"position\":2,\"name\":\"Sitemap\"}]},{\"@type\":\"WebSite\",\"@id\":\"https:\/\/drsedattatar.com\/tr\/#website\",\"url\":\"https:\/\/drsedattatar.com\/tr\/\",\"name\":\"\u0130stanbul Estetik, Plastik ve Rekonstr\u00fcktif Cerrahi - Do\u00e7. Dr. Sedat Tatar\",\"description\":\"\u0130stanbul Estetik, Plastik ve Rekonstr\u00fcktif Cerrahi alan\u0131nda deneyimli Do\u00e7. Dr. Sedat Tatar ile hayallerinizi ger\u00e7e\u011fe d\u00f6n\u00fc\u015ft\u00fcr\u00fcn ve kendinizi en iyi \u015fekilde hissedin.\",\"publisher\":{\"@id\":\"https:\/\/drsedattatar.com\/tr\/#organization\"},\"potentialAction\":[{\"@type\":\"SearchAction\",\"target\":{\"@type\":\"EntryPoint\",\"urlTemplate\":\"https:\/\/drsedattatar.com\/tr\/?s={search_term_string}\"},\"query-input\":{\"@type\":\"PropertyValueSpecification\",\"valueRequired\":true,\"valueName\":\"search_term_string\"}}],\"inLanguage\":\"tr\"},{\"@type\":\"Organization\",\"@id\":\"https:\/\/drsedattatar.com\/tr\/#organization\",\"name\":\"\u0130stanbul Estetik, Plastik ve Rekonstr\u00fcktif Cerrahi - Do\u00e7. Dr. Sedat Tatar\",\"url\":\"https:\/\/drsedattatar.com\/tr\/\",\"logo\":{\"@type\":\"ImageObject\",\"inLanguage\":\"tr\",\"@id\":\"https:\/\/drsedattatar.com\/tr\/#\/schema\/logo\/image\/\",\"url\":\"https:\/\/drsedattatar.com\/tr\/wp-content\/uploads\/2023\/06\/cropped-cropped-cropped-dr-sedat-tatar-estetik-plastik-logo.webp\",\"contentUrl\":\"https:\/\/drsedattatar.com\/tr\/wp-content\/uploads\/2023\/06\/cropped-cropped-cropped-dr-sedat-tatar-estetik-plastik-logo.webp\",\"width\":1505,\"height\":602,\"caption\":\"\u0130stanbul Estetik, Plastik ve Rekonstr\u00fcktif Cerrahi - Do\u00e7. Dr. Sedat Tatar\"},\"image\":{\"@id\":\"https:\/\/drsedattatar.com\/tr\/#\/schema\/logo\/image\/\"}}]}<\/script>\n<!-- \/ Yoast SEO plugin. -->","yoast_head_json":{"title":"Sitemap - \u0130stanbul Estetik, Plastik ve Rekonstr\u00fcktif Cerrahi - Do\u00e7. Dr. Sedat Tatar","robots":{"index":"index","follow":"follow","max-snippet":"max-snippet:-1","max-image-preview":"max-image-preview:large","max-video-preview":"max-video-preview:-1"},"canonical":"https:\/\/drsedattatar.com\/tr\/sitemap\/","og_locale":"tr_TR","og_type":"article","og_title":"Sitemap - \u0130stanbul Estetik, Plastik ve Rekonstr\u00fcktif Cerrahi - Do\u00e7. Dr. Sedat Tatar","og_description":"Pages","og_url":"https:\/\/drsedattatar.com\/tr\/sitemap\/","og_site_name":"\u0130stanbul Estetik, Plastik ve Rekonstr\u00fcktif Cerrahi - Do\u00e7. Dr. Sedat Tatar","article_modified_time":"2024-06-25T17:05:38+00:00","og_image":[{"width":1000,"height":1500,"url":"https:\/\/drsedattatar.com\/tr\/wp-content\/uploads\/2023\/06\/sedat-tatar-sikayet.jpg","type":"image\/jpeg"}],"twitter_card":"summary_large_image","schema":{"@context":"https:\/\/schema.org","@graph":[{"@type":"WebPage","@id":"https:\/\/drsedattatar.com\/tr\/sitemap\/","url":"https:\/\/drsedattatar.com\/tr\/sitemap\/","name":"Sitemap - \u0130stanbul Estetik, Plastik ve Rekonstr\u00fcktif Cerrahi - Do\u00e7. Dr. Sedat Tatar","isPartOf":{"@id":"https:\/\/drsedattatar.com\/tr\/#website"},"primaryImageOfPage":{"@id":"https:\/\/drsedattatar.com\/tr\/sitemap\/#primaryimage"},"image":{"@id":"https:\/\/drsedattatar.com\/tr\/sitemap\/#primaryimage"},"thumbnailUrl":"https:\/\/drsedattatar.com\/tr\/wp-content\/uploads\/2023\/06\/sedat-tatar-sikayet.jpg","datePublished":"2024-04-29T11:14:27+00:00","dateModified":"2024-06-25T17:05:38+00:00","breadcrumb":{"@id":"https:\/\/drsedattatar.com\/tr\/sitemap\/#breadcrumb"},"inLanguage":"tr","potentialAction":[{"@type":"ReadAction","target":["https:\/\/drsedattatar.com\/tr\/sitemap\/"]}]},{"@type":"ImageObject","inLanguage":"tr","@id":"https:\/\/drsedattatar.com\/tr\/sitemap\/#primaryimage","url":"https:\/\/drsedattatar.com\/tr\/wp-content\/uploads\/2023\/06\/sedat-tatar-sikayet.jpg","contentUrl":"https:\/\/drsedattatar.com\/tr\/wp-content\/uploads\/2023\/06\/sedat-tatar-sikayet.jpg","width":1000,"height":1500,"caption":"Sedat Tatar hakk\u0131nda \u015fikayet duyman\u0131z pek m\u00fcmk\u00fcn de\u011fildir. \u00c7\u00fcnk\u00fc kendisi, alan\u0131nda uzman ve hem sa\u011fl\u0131kl\u0131 hem de g\u00fcvenilir estetik hizmeti sunan bir cerraht\u0131r."},{"@type":"BreadcrumbList","@id":"https:\/\/drsedattatar.com\/tr\/sitemap\/#breadcrumb","itemListElement":[{"@type":"ListItem","position":1,"name":"Anasayfa","item":"https:\/\/drsedattatar.com\/tr\/"},{"@type":"ListItem","position":2,"name":"Sitemap"}]},{"@type":"WebSite","@id":"https:\/\/drsedattatar.com\/tr\/#website","url":"https:\/\/drsedattatar.com\/tr\/","name":"\u0130stanbul Estetik, Plastik ve Rekonstr\u00fcktif Cerrahi - Do\u00e7. Dr. Sedat Tatar","description":"\u0130stanbul Estetik, Plastik ve Rekonstr\u00fcktif Cerrahi alan\u0131nda deneyimli Do\u00e7. Dr. Sedat Tatar ile hayallerinizi ger\u00e7e\u011fe d\u00f6n\u00fc\u015ft\u00fcr\u00fcn ve kendinizi en iyi \u015fekilde hissedin.","publisher":{"@id":"https:\/\/drsedattatar.com\/tr\/#organization"},"potentialAction":[{"@type":"SearchAction","target":{"@type":"EntryPoint","urlTemplate":"https:\/\/drsedattatar.com\/tr\/?s={search_term_string}"},"query-input":{"@type":"PropertyValueSpecification","valueRequired":true,"valueName":"search_term_string"}}],"inLanguage":"tr"},{"@type":"Organization","@id":"https:\/\/drsedattatar.com\/tr\/#organization","name":"\u0130stanbul Estetik, Plastik ve Rekonstr\u00fcktif Cerrahi - Do\u00e7. Dr. Sedat Tatar","url":"https:\/\/drsedattatar.com\/tr\/","logo":{"@type":"ImageObject","inLanguage":"tr","@id":"https:\/\/drsedattatar.com\/tr\/#\/schema\/logo\/image\/","url":"https:\/\/drsedattatar.com\/tr\/wp-content\/uploads\/2023\/06\/cropped-cropped-cropped-dr-sedat-tatar-estetik-plastik-logo.webp","contentUrl":"https:\/\/drsedattatar.com\/tr\/wp-content\/uploads\/2023\/06\/cropped-cropped-cropped-dr-sedat-tatar-estetik-plastik-logo.webp","width":1505,"height":602,"caption":"\u0130stanbul Estetik, Plastik ve Rekonstr\u00fcktif Cerrahi - Do\u00e7. Dr. Sedat Tatar"},"image":{"@id":"https:\/\/drsedattatar.com\/tr\/#\/schema\/logo\/image\/"}}]}},"taxonomy_info":[],"featured_image_src_large":["https:\/\/drsedattatar.com\/tr\/wp-content\/uploads\/2023\/06\/sedat-tatar-sikayet-683x1024.jpg",683,1024,true],"author_info":{"display_name":"Sedat Tatar","author_link":"https:\/\/drsedattatar.com\/tr\/author\/admin\/"},"comment_info":0,"_links":{"self":[{"href":"https:\/\/drsedattatar.com\/tr\/wp-json\/wp\/v2\/pages\/2493","targetHints":{"allow":["GET"]}}],"collection":[{"href":"https:\/\/drsedattatar.com\/tr\/wp-json\/wp\/v2\/pages"}],"about":[{"href":"https:\/\/drsedattatar.com\/tr\/wp-json\/wp\/v2\/types\/page"}],"author":[{"embeddable":true,"href":"https:\/\/drsedattatar.com\/tr\/wp-json\/wp\/v2\/users\/1"}],"replies":[{"embeddable":true,"href":"https:\/\/drsedattatar.com\/tr\/wp-json\/wp\/v2\/comments?post=2493"}],"version-history":[{"count":0,"href":"https:\/\/drsedattatar.com\/tr\/wp-json\/wp\/v2\/pages\/2493\/revisions"}],"wp:featuredmedia":[{"embeddable":true,"href":"https:\/\/drsedattatar.com\/tr\/wp-json\/wp\/v2\/media\/1827"}],"wp:attachment":[{"href":"https:\/\/drsedattatar.com\/tr\/wp-json\/wp\/v2\/media?parent=2493"}],"curies":[{"name":"wp","href":"https:\/\/api.w.org\/{rel}","templated":true}]}}